{"id":112,"date":"2025-10-20T14:42:14","date_gmt":"2025-10-20T12:42:14","guid":{"rendered":"https:\/\/5f.coach\/?page_id=112"},"modified":"2025-10-22T14:48:52","modified_gmt":"2025-10-22T12:48:52","slug":"fitness-ernaehrung","status":"publish","type":"page","link":"https:\/\/5f.coach\/?page_id=112","title":{"rendered":"Fitness &#038; Ern\u00e4hrung"},"content":{"rendered":"\n<div class=\"wp-block-cover alignfull\"><span aria-hidden=\"true\" class=\"wp-block-cover__background has-background-dim\"><\/span><div class=\"wp-block-cover__inner-container is-layout-flow wp-block-cover-is-layout-flow\">\n<div class=\"wp-block-group alignfull has-global-padding is-layout-constrained wp-container-core-group-is-layout-d89aad35 wp-block-group-is-layout-constrained\" style=\"margin-top:0;margin-bottom:0;padding-top:var(--wp--preset--spacing--50);padding-right:var(--wp--preset--spacing--50);padding-bottom:var(--wp--preset--spacing--50);padding-left:var(--wp--preset--spacing--50)\">\n<hr class=\"wp-block-separator alignfull has-alpha-channel-opacity is-style-wide\"\/>\n\n\n\n<div class=\"wp-block-columns alignwide is-layout-flex wp-container-core-columns-is-layout-47c06fe3 wp-block-columns-is-layout-flex\">\n<div class=\"wp-block-column has-small-font-size is-layout-flow wp-block-column-is-layout-flow\" style=\"flex-basis:50%\">\n<h2 class=\"wp-block-heading\"><strong>Diese Seite w\u00e4chst &#8211; f\u00fcr deine Gesundheit.<\/strong><\/h2>\n\n\n\n<p>Momentan befindet sich unsere Homepage im Aufbau. Schon bald stehen dir umfassende Informationen zur Ern\u00e4hrungsberatung und zum Fitnesstraining zur Verf\u00fcgung. <\/p>\n\n\n\n<p>Danke f\u00fcr dein Interesse &#8211; wir freuen uns auf deinen Besuch in K\u00fcrze!<\/p>\n\n\n\n<div class=\"wp-block-buttons is-layout-flex wp-block-buttons-is-layout-flex\">\n<div class=\"wp-block-button\"><a class=\"wp-block-button__link wp-element-button\" href=\"https:\/\/5f.coach\/?page_id=109\">Anfrage senden<\/a><\/div>\n<\/div>\n<\/div>\n<\/div>\n<\/div>\n<\/div><\/div>\n\n\n\n<div style=\"height:55px\" aria-hidden=\"true\" class=\"wp-block-spacer\"><\/div>\n\n\n\n<div class=\"wp-block-group alignwide has-base-background-color has-background has-global-padding is-layout-constrained wp-container-core-group-is-layout-4c48b175 wp-block-group-is-layout-constrained\" style=\"margin-top:0;margin-bottom:0;padding-top:0;padding-right:0;padding-bottom:0;padding-left:0\">\n<p class=\"has-heading-font-family has-x-large-font-size\" style=\"line-height:1.2\"><strong>f\u00fcr Frauen \u2013 Gemeinsam stark<\/strong><\/p>\n\n\n\n<figure class=\"wp-block-image alignfull size-full\"><img loading=\"lazy\" decoding=\"async\" width=\"1600\" height=\"1069\" src=\"http:\/\/5f.coach\/wp-content\/uploads\/2025\/09\/WhatsApp-Image-2025-09-11-at-20.38.151.jpeg\" alt=\"\" class=\"wp-image-264\"\/><\/figure>\n<\/div>\n\n\n\n<div class=\"wp-block-group alignwide has-small-font-size is-layout-grid wp-container-core-group-is-layout-b757edec wp-block-group-is-layout-grid\">\n<p class=\"has-medium-font-size wp-container-content-91e0b0f7\">Wir begleiten dich ganzheitlich \u2013 mit individuellem Training und alltagstauglicher Ern\u00e4hrungsberatung f\u00fcr mehr Energie, Wohlbefinden und Balance in jeder Lebensphase.<\/p>\n\n\n\n<p class=\"has-text-align-center has-large-font-size wp-container-content-91e0b0f7\"><br><strong><mark style=\"background-color:rgba(0, 0, 0, 0)\" class=\"has-inline-color has-custom-color-4-color\">\u00dcber uns<\/mark><\/strong><\/p>\n\n\n\n<p class=\"has-small-font-size wp-container-content-5e2576f9\"><strong>Ern\u00e4hrung mit Maren<\/strong><br>Ich bin Maren, zertifizierte Ern\u00e4hrungsberaterin und selbst Mama. Ich \u00fcbernehme den Ern\u00e4hrungspart und helfe dir dabei, deine Ern\u00e4hrung so zu gestalten, dass sie zu dir, deinem Alltag und deinen Zielen passt \u2013 gesund, genussvoll und nachhaltig.<\/p>\n\n\n\n<p class=\"has-small-font-size wp-container-content-5e2576f9\"><strong>Fitness mit Tina<\/strong><br><br>Tina ist Sportwissenschaftlerin, Mama von drei T\u00f6chtern und bringt ihre fachliche Kompetenz sowie pers\u00f6nliche Erfahrung mit Schwangerschaft, Geburt und R\u00fcckbildung mit ein. Sie bietet einf\u00fchlsames, individuelles 1:1 Training f\u00fcr Mamis (to-be) und Frauen, die ihren K\u00f6rper achtsam und effektiv st\u00e4rken m\u00f6chten.<br><br>Ihr Motto: \u201eHappy you \u2013 happy me\u201c<br><br>Ihr Ziel: Dein Gl\u00fccksgef\u00fchl nach einem Training, das dich stark, sicher und voller Energie in deinen Alltag gehen l\u00e4sst.<\/p>\n\n\n\n<div class=\"wp-block-buttons is-layout-flex wp-block-buttons-is-layout-flex\">\n<div class=\"wp-block-button\"><a class=\"wp-block-button__link wp-element-button\" href=\"https:\/\/5f.coach\/?page_id=98\">\u00dcber mich<\/a><\/div>\n<\/div>\n\n\n\n<div class=\"wp-block-buttons is-layout-flex wp-block-buttons-is-layout-flex\">\n<div class=\"wp-block-button\"><a class=\"wp-block-button__link wp-element-button\" href=\"https:\/\/www.tina-knapp-training.de\/\">Mehr \u00fcber Tina<\/a><\/div>\n<\/div>\n<\/div>\n\n\n\n<p><\/p>\n","protected":false},"excerpt":{"rendered":"<p>f\u00fcr Frauen \u2013 Gemeinsam stark Wir begleiten dich ganzheitlich \u2013 mit individuellem Training und alltagstauglicher Ern\u00e4hrungsberatung f\u00fcr mehr Energie, Wohlbefinden und Balance in jeder Lebensphase. \u00dcber uns Ern\u00e4hrung mit MarenIch bin Maren, zertifizierte Ern\u00e4hrungsberaterin und selbst Mama. Ich \u00fcbernehme den Ern\u00e4hrungspart und helfe dir dabei, deine Ern\u00e4hrung so zu gestalten, dass sie zu dir, deinem [&hellip;]<\/p>\n","protected":false},"author":2,"featured_media":0,"parent":0,"menu_order":3,"comment_status":"closed","ping_status":"closed","template":"","meta":{"footnotes":""},"class_list":["post-112","page","type-page","status-publish","hentry"],"_links":{"self":[{"href":"https:\/\/5f.coach\/index.php?rest_route=\/wp\/v2\/pages\/112","targetHints":{"allow":["GET"]}}],"collection":[{"href":"https:\/\/5f.coach\/index.php?rest_route=\/wp\/v2\/pages"}],"about":[{"href":"https:\/\/5f.coach\/index.php?rest_route=\/wp\/v2\/types\/page"}],"author":[{"embeddable":true,"href":"https:\/\/5f.coach\/index.php?rest_route=\/wp\/v2\/users\/2"}],"replies":[{"embeddable":true,"href":"https:\/\/5f.coach\/index.php?rest_route=%2Fwp%2Fv2%2Fcomments&post=112"}],"version-history":[{"count":29,"href":"https:\/\/5f.coach\/index.php?rest_route=\/wp\/v2\/pages\/112\/revisions"}],"predecessor-version":[{"id":403,"href":"https:\/\/5f.coach\/index.php?rest_route=\/wp\/v2\/pages\/112\/revisions\/403"}],"wp:attachment":[{"href":"https:\/\/5f.coach\/index.php?rest_route=%2Fwp%2Fv2%2Fmedia&parent=112"}],"curies":[{"name":"wp","href":"https:\/\/api.w.org\/{rel}","templated":true}]}}