{"id":98,"date":"2025-10-16T14:02:11","date_gmt":"2025-10-16T12:02:11","guid":{"rendered":"https:\/\/5f.coach\/?page_id=98"},"modified":"2025-10-22T15:18:06","modified_gmt":"2025-10-22T13:18:06","slug":"ueber-mich","status":"publish","type":"page","link":"https:\/\/5f.coach\/?page_id=98","title":{"rendered":"\u00dcber mich &#8211;  Maren"},"content":{"rendered":"\n<div class=\"wp-block-group alignfull has-accent-background-color has-background has-global-padding is-layout-constrained wp-container-core-group-is-layout-669513ed wp-block-group-is-layout-constrained\" style=\"margin-top:0;margin-bottom:0;padding-top:var(--wp--preset--spacing--50);padding-right:var(--wp--preset--spacing--50);padding-bottom:var(--wp--preset--spacing--50);padding-left:var(--wp--preset--spacing--50)\">\n<div class=\"wp-block-columns alignwide are-vertically-aligned-center is-layout-flex wp-container-core-columns-is-layout-1da03c2a wp-block-columns-is-layout-flex\">\n<div class=\"wp-block-column is-vertically-aligned-center is-layout-flow wp-block-column-is-layout-flow\" style=\"flex-basis:100%\">\n<div class=\"wp-block-group is-vertical is-content-justification-stretch is-layout-flex wp-container-core-group-is-layout-444d5ee8 wp-block-group-is-layout-flex\" style=\"min-height:100%\">\n<div class=\"wp-block-group is-content-justification-left is-layout-flex wp-container-core-group-is-layout-6bd1c955 wp-block-group-is-layout-flex\" style=\"border-style:none;border-width:0px;min-height:0px;margin-top:0;margin-bottom:0;padding-top:0;padding-right:var(--wp--preset--spacing--30);padding-bottom:0;padding-left:var(--wp--preset--spacing--30)\">\n<p class=\"has-heading-font-family has-large-font-size\" style=\"line-height:1.3\">Hallo, ich bin <strong>Maren  <\/strong><br>Familienmensch, Naturliebhaberin, Sportbegeisterte und <br>seit April 2024 stolze Mama.<\/p>\n\n\n\n<figure class=\"wp-block-image size-full is-resized has-custom-border wp-container-content-70fa0643\" style=\"margin-top:0;margin-right:var(--wp--preset--spacing--40);margin-bottom:0;margin-left:var(--wp--preset--spacing--40)\"><img loading=\"lazy\" decoding=\"async\" width=\"1280\" height=\"1161\" src=\"http:\/\/5f.coach\/wp-content\/uploads\/2025\/10\/IMG_0026.jpeg\" alt=\"\" class=\"wp-image-374\" style=\"border-style:none;border-width:0px;border-radius:0px;width:274px;height:auto\"\/><\/figure>\n<\/div>\n<\/div>\n<\/div>\n<\/div>\n\n\n\n<div class=\"wp-block-group alignwide has-small-font-size is-vertical is-layout-flex wp-container-core-group-is-layout-fe9cc265 wp-block-group-is-layout-flex\">\n<p class=\"has-small-font-size wp-container-content-e29552f7\">Meine pers\u00f6nliche Reise zur gesunden Ern\u00e4hrung begann bereits 2017, als bei mir Fruktose- und Laktoseintoleranz diagnostiziert wurden. Was folgte, war ein langer Weg mit vielen H\u00f6hen und Tiefen \u2013 sowohl k\u00f6rperlich als auch psychisch. Doch ich habe mich nicht unterkriegen lassen. Seit 2021 bin ich durch viel Eigeninitiative und Selbstbehandlung fast beschwerdefrei \u2013 und genau das hat in mir den Wunsch geweckt, auch anderen auf ihrem Weg zur Wohlf\u00fchlern\u00e4hrung zu helfen.<\/p>\n\n\n\n<p class=\"has-small-font-size wp-container-content-5f80b302\">Deshalb habe ich mich zur Ern\u00e4hrungsberaterin weitergebildet \u2013 aus voller \u00dcberzeugung und mit dem Herzen dabei.<br>Ich m\u00f6chte zeigen, dass gesunde Ern\u00e4hrung kein Verzicht, sondern Lebensqualit\u00e4t bedeutet. Mein Ziel ist es, Menschen dabei zu unterst\u00fctzen, ihre Gesundheit zu f\u00f6rdern, ohne den Genuss am Essen zu verlieren \u2013 und dabei den Weg zu finden, der wirklich zu ihrem Leben passt.<\/p>\n\n\n\n<p class=\"has-small-font-size wp-container-content-5f80b302\"><strong>Mein Hintergrund:<\/strong><br>\u2022 Studium in Betriebswirtschaftslehre <br> (BWL) \u2013 hier bin ich auch beruflich t\u00e4tig.<br>\u2022 Zertifizierte Ern\u00e4hrungsberaterin (A-Lizenz inkl. B- und C-Lizenz)<br>\u2022 Spezialisierung: Ern\u00e4hrung in der  Schwangerschaft<\/p>\n\n\n\n<p class=\"has-small-font-size wp-container-content-5f80b302\">&amp; es geht weiter \u2013 <br>aktuell bilde ich mich fort in den Bereichen:<br>\u2022 Ern\u00e4hrung f\u00fcr Babys und Kleinkinder<br>\u2022 Ern\u00e4hrung f\u00fcr Vegetarier<br>\u2022 Ern\u00e4hrung f\u00fcr Senioren<br>\u2022 Nahrungserg\u00e4nzungsmittel<br>\u2022 Ketogene Ern\u00e4hrung<br>\u2022 Food Coaching<\/p>\n\n\n\n<p class=\"has-text-align-left wp-container-content-5f80b302\">Ich liebe den Austausch mit Menschen, die \u00e4hnlich denken \u2013 egal ob Ern\u00e4hrungswissenschaftler, Sporttherapeuten, Physiotherapeuten oder Osteopathen. Gemeinsam k\u00f6nnen wir so viel bewegen.<\/p>\n\n\n\n<p class=\"wp-container-content-5f80b302\">Wenn du also Unterst\u00fctzung auf deinem Weg zu mehr Gesundheit, Balance und Genuss suchst \u2013 oder dich einfach vernetzen m\u00f6chtest \u2013 melde dich gern bei mir. Ich freue mich auf dich!<\/p>\n<\/div>\n\n\n\n<div class=\"wp-block-buttons is-content-justification-center is-layout-flex wp-container-core-buttons-is-layout-553fd029 wp-block-buttons-is-layout-flex\">\n<div class=\"wp-block-button\"><a class=\"wp-block-button__link wp-element-button\" href=\"https:\/\/5f.coach\/?page_id=109\">Kontakt<\/a><\/div>\n\n\n\n<div class=\"wp-block-button\"><a class=\"wp-block-button__link wp-element-button\" href=\"https:\/\/5f.coach\/?page_id=106\">Leistungen<\/a><\/div>\n<\/div>\n<\/div>\n\n\n\n<p><\/p>\n","protected":false},"excerpt":{"rendered":"<p>Hallo, ich bin Maren Familienmensch, Naturliebhaberin, Sportbegeisterte und seit April 2024 stolze Mama. Meine pers\u00f6nliche Reise zur gesunden Ern\u00e4hrung begann bereits 2017, als bei mir Fruktose- und Laktoseintoleranz diagnostiziert wurden. Was folgte, war ein langer Weg mit vielen H\u00f6hen und Tiefen \u2013 sowohl k\u00f6rperlich als auch psychisch. Doch ich habe mich nicht unterkriegen lassen. Seit [&hellip;]<\/p>\n","protected":false},"author":2,"featured_media":0,"parent":0,"menu_order":1,"comment_status":"closed","ping_status":"closed","template":"","meta":{"footnotes":""},"class_list":["post-98","page","type-page","status-publish","hentry"],"_links":{"self":[{"href":"https:\/\/5f.coach\/index.php?rest_route=\/wp\/v2\/pages\/98","targetHints":{"allow":["GET"]}}],"collection":[{"href":"https:\/\/5f.coach\/index.php?rest_route=\/wp\/v2\/pages"}],"about":[{"href":"https:\/\/5f.coach\/index.php?rest_route=\/wp\/v2\/types\/page"}],"author":[{"embeddable":true,"href":"https:\/\/5f.coach\/index.php?rest_route=\/wp\/v2\/users\/2"}],"replies":[{"embeddable":true,"href":"https:\/\/5f.coach\/index.php?rest_route=%2Fwp%2Fv2%2Fcomments&post=98"}],"version-history":[{"count":24,"href":"https:\/\/5f.coach\/index.php?rest_route=\/wp\/v2\/pages\/98\/revisions"}],"predecessor-version":[{"id":416,"href":"https:\/\/5f.coach\/index.php?rest_route=\/wp\/v2\/pages\/98\/revisions\/416"}],"wp:attachment":[{"href":"https:\/\/5f.coach\/index.php?rest_route=%2Fwp%2Fv2%2Fmedia&parent=98"}],"curies":[{"name":"wp","href":"https:\/\/api.w.org\/{rel}","templated":true}]}}